{"id":1890,"date":"2022-06-22T16:09:32","date_gmt":"2022-06-22T14:09:32","guid":{"rendered":"https:\/\/www.chateau-amboise.com\/mentions-legales\/"},"modified":"2023-06-14T10:36:06","modified_gmt":"2023-06-14T08:36:06","slug":"mentions-legales","status":"publish","type":"page","link":"https:\/\/www.chateau-amboise.com\/en\/mentions-legales\/","title":{"rendered":"Legal notices"},"content":{"rendered":"","protected":false},"excerpt":{"rendered":"","protected":false},"author":1,"featured_media":0,"parent":0,"menu_order":0,"comment_status":"closed","ping_status":"closed","template":"","meta":{"_acf_changed":false,"footnotes":""},"class_list":["post-1890","page","type-page","status-publish","hentry"],"acf":[],"yoast_head":"<!-- This site is optimized with the Yoast SEO plugin v26.9 - https:\/\/yoast.com\/product\/yoast-seo-wordpress\/ -->\n<title>Legal notices &#8211; Ch\u00e2teau d&#039;Amboise<\/title>\n<meta name=\"description\" content=\"Expression totale du luxe et de l&#039;art de vivre \u00e0 la fran\u00e7aise, le ch\u00e2teau d&#039;Amboise est aussi un balcon tout \u00e0 fait unique et monumental, ouvert \u00e0 360 degr\u00e9s sur des paysages inscrits au Patrimoine Mondial de l&#039;Humanit\u00e9.\" \/>\n<meta name=\"robots\" content=\"index, follow, max-snippet:-1, max-image-preview:large, max-video-preview:-1\" \/>\n<link rel=\"canonical\" href=\"https:\/\/www.chateau-amboise.com\/en\/mentions-legales\/\" \/>\n<meta property=\"og:locale\" content=\"en_US\" \/>\n<meta property=\"og:type\" content=\"article\" \/>\n<meta property=\"og:title\" content=\"Legal notices &#8211; Ch\u00e2teau d&#039;Amboise\" \/>\n<meta property=\"og:description\" content=\"Expression totale du luxe et de l&#039;art de vivre \u00e0 la fran\u00e7aise, le ch\u00e2teau d&#039;Amboise est aussi un balcon tout \u00e0 fait unique et monumental, ouvert \u00e0 360 degr\u00e9s sur des paysages inscrits au Patrimoine Mondial de l&#039;Humanit\u00e9.\" \/>\n<meta property=\"og:url\" content=\"https:\/\/www.chateau-amboise.com\/en\/mentions-legales\/\" \/>\n<meta property=\"og:site_name\" content=\"Ch\u00e2teau d&#039;Amboise\" \/>\n<meta property=\"article:modified_time\" content=\"2023-06-14T08:36:06+00:00\" \/>\n<meta name=\"twitter:card\" content=\"summary_large_image\" \/>\n<script type=\"application\/ld+json\" class=\"yoast-schema-graph\">{\"@context\":\"https:\/\/schema.org\",\"@graph\":[{\"@type\":\"WebPage\",\"@id\":\"https:\/\/www.chateau-amboise.com\/en\/mentions-legales\/\",\"url\":\"https:\/\/www.chateau-amboise.com\/en\/mentions-legales\/\",\"name\":\"Legal notices &#8211; Ch\u00e2teau d&#039;Amboise\",\"isPartOf\":{\"@id\":\"https:\/\/www.chateau-amboise.com\/en\/#website\"},\"datePublished\":\"2022-06-22T14:09:32+00:00\",\"dateModified\":\"2023-06-14T08:36:06+00:00\",\"description\":\"Expression totale du luxe et de l'art de vivre \u00e0 la fran\u00e7aise, le ch\u00e2teau d'Amboise est aussi un balcon tout \u00e0 fait unique et monumental, ouvert \u00e0 360 degr\u00e9s sur des paysages inscrits au Patrimoine Mondial de l'Humanit\u00e9.\",\"breadcrumb\":{\"@id\":\"https:\/\/www.chateau-amboise.com\/en\/mentions-legales\/#breadcrumb\"},\"inLanguage\":\"en-US\",\"potentialAction\":[{\"@type\":\"ReadAction\",\"target\":[\"https:\/\/www.chateau-amboise.com\/en\/mentions-legales\/\"]}]},{\"@type\":\"BreadcrumbList\",\"@id\":\"https:\/\/www.chateau-amboise.com\/en\/mentions-legales\/#breadcrumb\",\"itemListElement\":[{\"@type\":\"ListItem\",\"position\":1,\"name\":\"Home\",\"item\":\"https:\/\/www.chateau-amboise.com\/en\/\"},{\"@type\":\"ListItem\",\"position\":2,\"name\":\"Legal notices\"}]},{\"@type\":\"WebSite\",\"@id\":\"https:\/\/www.chateau-amboise.com\/en\/#website\",\"url\":\"https:\/\/www.chateau-amboise.com\/en\/\",\"name\":\"Ch\u00e2teau d&#039;Amboise\",\"description\":\"Le ch\u00e2teau royal d&#039;Amboise\",\"publisher\":{\"@id\":\"https:\/\/www.chateau-amboise.com\/en\/#organization\"},\"potentialAction\":[{\"@type\":\"SearchAction\",\"target\":{\"@type\":\"EntryPoint\",\"urlTemplate\":\"https:\/\/www.chateau-amboise.com\/en\/?s={search_term_string}\"},\"query-input\":{\"@type\":\"PropertyValueSpecification\",\"valueRequired\":true,\"valueName\":\"search_term_string\"}}],\"inLanguage\":\"en-US\"},{\"@type\":\"Organization\",\"@id\":\"https:\/\/www.chateau-amboise.com\/en\/#organization\",\"name\":\"Ch\u00e2teau d&#039;Amboise\",\"url\":\"https:\/\/www.chateau-amboise.com\/en\/\",\"logo\":{\"@type\":\"ImageObject\",\"inLanguage\":\"en-US\",\"@id\":\"https:\/\/www.chateau-amboise.com\/en\/#\/schema\/logo\/image\/\",\"url\":\"https:\/\/www.chateau-amboise.com\/wp-content\/uploads\/2022\/06\/chateau-amboise-logo.svg\",\"contentUrl\":\"https:\/\/www.chateau-amboise.com\/wp-content\/uploads\/2022\/06\/chateau-amboise-logo.svg\",\"width\":198,\"height\":56,\"caption\":\"Ch\u00e2teau d&#039;Amboise\"},\"image\":{\"@id\":\"https:\/\/www.chateau-amboise.com\/en\/#\/schema\/logo\/image\/\"}}]}<\/script>\n<!-- \/ Yoast SEO plugin. -->","yoast_head_json":{"title":"Legal notices &#8211; Ch\u00e2teau d&#039;Amboise","description":"Expression totale du luxe et de l'art de vivre \u00e0 la fran\u00e7aise, le ch\u00e2teau d'Amboise est aussi un balcon tout \u00e0 fait unique et monumental, ouvert \u00e0 360 degr\u00e9s sur des paysages inscrits au Patrimoine Mondial de l'Humanit\u00e9.","robots":{"index":"index","follow":"follow","max-snippet":"max-snippet:-1","max-image-preview":"max-image-preview:large","max-video-preview":"max-video-preview:-1"},"canonical":"https:\/\/www.chateau-amboise.com\/en\/mentions-legales\/","og_locale":"en_US","og_type":"article","og_title":"Legal notices &#8211; Ch\u00e2teau d&#039;Amboise","og_description":"Expression totale du luxe et de l'art de vivre \u00e0 la fran\u00e7aise, le ch\u00e2teau d'Amboise est aussi un balcon tout \u00e0 fait unique et monumental, ouvert \u00e0 360 degr\u00e9s sur des paysages inscrits au Patrimoine Mondial de l'Humanit\u00e9.","og_url":"https:\/\/www.chateau-amboise.com\/en\/mentions-legales\/","og_site_name":"Ch\u00e2teau d&#039;Amboise","article_modified_time":"2023-06-14T08:36:06+00:00","twitter_card":"summary_large_image","schema":{"@context":"https:\/\/schema.org","@graph":[{"@type":"WebPage","@id":"https:\/\/www.chateau-amboise.com\/en\/mentions-legales\/","url":"https:\/\/www.chateau-amboise.com\/en\/mentions-legales\/","name":"Legal notices &#8211; Ch\u00e2teau d&#039;Amboise","isPartOf":{"@id":"https:\/\/www.chateau-amboise.com\/en\/#website"},"datePublished":"2022-06-22T14:09:32+00:00","dateModified":"2023-06-14T08:36:06+00:00","description":"Expression totale du luxe et de l'art de vivre \u00e0 la fran\u00e7aise, le ch\u00e2teau d'Amboise est aussi un balcon tout \u00e0 fait unique et monumental, ouvert \u00e0 360 degr\u00e9s sur des paysages inscrits au Patrimoine Mondial de l'Humanit\u00e9.","breadcrumb":{"@id":"https:\/\/www.chateau-amboise.com\/en\/mentions-legales\/#breadcrumb"},"inLanguage":"en-US","potentialAction":[{"@type":"ReadAction","target":["https:\/\/www.chateau-amboise.com\/en\/mentions-legales\/"]}]},{"@type":"BreadcrumbList","@id":"https:\/\/www.chateau-amboise.com\/en\/mentions-legales\/#breadcrumb","itemListElement":[{"@type":"ListItem","position":1,"name":"Home","item":"https:\/\/www.chateau-amboise.com\/en\/"},{"@type":"ListItem","position":2,"name":"Legal notices"}]},{"@type":"WebSite","@id":"https:\/\/www.chateau-amboise.com\/en\/#website","url":"https:\/\/www.chateau-amboise.com\/en\/","name":"Ch\u00e2teau d&#039;Amboise","description":"Le ch\u00e2teau royal d&#039;Amboise","publisher":{"@id":"https:\/\/www.chateau-amboise.com\/en\/#organization"},"potentialAction":[{"@type":"SearchAction","target":{"@type":"EntryPoint","urlTemplate":"https:\/\/www.chateau-amboise.com\/en\/?s={search_term_string}"},"query-input":{"@type":"PropertyValueSpecification","valueRequired":true,"valueName":"search_term_string"}}],"inLanguage":"en-US"},{"@type":"Organization","@id":"https:\/\/www.chateau-amboise.com\/en\/#organization","name":"Ch\u00e2teau d&#039;Amboise","url":"https:\/\/www.chateau-amboise.com\/en\/","logo":{"@type":"ImageObject","inLanguage":"en-US","@id":"https:\/\/www.chateau-amboise.com\/en\/#\/schema\/logo\/image\/","url":"https:\/\/www.chateau-amboise.com\/wp-content\/uploads\/2022\/06\/chateau-amboise-logo.svg","contentUrl":"https:\/\/www.chateau-amboise.com\/wp-content\/uploads\/2022\/06\/chateau-amboise-logo.svg","width":198,"height":56,"caption":"Ch\u00e2teau d&#039;Amboise"},"image":{"@id":"https:\/\/www.chateau-amboise.com\/en\/#\/schema\/logo\/image\/"}}]}},"_links":{"self":[{"href":"https:\/\/www.chateau-amboise.com\/en\/wp-json\/wp\/v2\/pages\/1890","targetHints":{"allow":["GET"]}}],"collection":[{"href":"https:\/\/www.chateau-amboise.com\/en\/wp-json\/wp\/v2\/pages"}],"about":[{"href":"https:\/\/www.chateau-amboise.com\/en\/wp-json\/wp\/v2\/types\/page"}],"author":[{"embeddable":true,"href":"https:\/\/www.chateau-amboise.com\/en\/wp-json\/wp\/v2\/users\/1"}],"replies":[{"embeddable":true,"href":"https:\/\/www.chateau-amboise.com\/en\/wp-json\/wp\/v2\/comments?post=1890"}],"version-history":[{"count":4,"href":"https:\/\/www.chateau-amboise.com\/en\/wp-json\/wp\/v2\/pages\/1890\/revisions"}],"predecessor-version":[{"id":2957,"href":"https:\/\/www.chateau-amboise.com\/en\/wp-json\/wp\/v2\/pages\/1890\/revisions\/2957"}],"wp:attachment":[{"href":"https:\/\/www.chateau-amboise.com\/en\/wp-json\/wp\/v2\/media?parent=1890"}],"curies":[{"name":"wp","href":"https:\/\/api.w.org\/{rel}","templated":true}]}}