{"id":3467,"date":"2023-08-28T15:13:04","date_gmt":"2023-08-28T13:13:04","guid":{"rendered":"https:\/\/www.chateau-amboise.com\/phototheque\/"},"modified":"2023-09-12T15:05:30","modified_gmt":"2023-09-12T13:05:30","slug":"phototheque","status":"publish","type":"page","link":"https:\/\/www.chateau-amboise.com\/en\/phototheque\/","title":{"rendered":"Photo library"},"content":{"rendered":"","protected":false},"excerpt":{"rendered":"","protected":false},"author":3,"featured_media":3412,"parent":0,"menu_order":0,"comment_status":"closed","ping_status":"closed","template":"","meta":{"_acf_changed":false,"footnotes":""},"class_list":["post-3467","page","type-page","status-publish","has-post-thumbnail","hentry"],"acf":[],"yoast_head":"<!-- This site is optimized with the Yoast SEO plugin v26.9 - https:\/\/yoast.com\/product\/yoast-seo-wordpress\/ -->\n<title>Photo library &#8211; Ch\u00e2teau d&#039;Amboise<\/title>\n<meta name=\"description\" content=\"Expression totale du luxe et de l&#039;art de vivre \u00e0 la fran\u00e7aise, le ch\u00e2teau d&#039;Amboise est aussi un balcon tout \u00e0 fait unique et monumental, ouvert \u00e0 360 degr\u00e9s sur des paysages inscrits au Patrimoine Mondial de l&#039;Humanit\u00e9.\" \/>\n<meta name=\"robots\" content=\"index, follow, max-snippet:-1, max-image-preview:large, max-video-preview:-1\" \/>\n<link rel=\"canonical\" href=\"https:\/\/www.chateau-amboise.com\/en\/phototheque\/\" \/>\n<meta property=\"og:locale\" content=\"en_US\" \/>\n<meta property=\"og:type\" content=\"article\" \/>\n<meta property=\"og:title\" content=\"Photo library &#8211; Ch\u00e2teau d&#039;Amboise\" \/>\n<meta property=\"og:description\" content=\"Expression totale du luxe et de l&#039;art de vivre \u00e0 la fran\u00e7aise, le ch\u00e2teau d&#039;Amboise est aussi un balcon tout \u00e0 fait unique et monumental, ouvert \u00e0 360 degr\u00e9s sur des paysages inscrits au Patrimoine Mondial de l&#039;Humanit\u00e9.\" \/>\n<meta property=\"og:url\" content=\"https:\/\/www.chateau-amboise.com\/en\/phototheque\/\" \/>\n<meta property=\"og:site_name\" content=\"Ch\u00e2teau d&#039;Amboise\" \/>\n<meta property=\"article:modified_time\" content=\"2023-09-12T13:05:30+00:00\" \/>\n<meta property=\"og:image\" content=\"https:\/\/www.chateau-amboise.com\/wp-content\/uploads\/2023\/08\/2-1.png\" \/>\n\t<meta property=\"og:image:width\" content=\"2000\" \/>\n\t<meta property=\"og:image:height\" content=\"1414\" \/>\n\t<meta property=\"og:image:type\" content=\"image\/png\" \/>\n<meta name=\"twitter:card\" content=\"summary_large_image\" \/>\n<script type=\"application\/ld+json\" class=\"yoast-schema-graph\">{\"@context\":\"https:\/\/schema.org\",\"@graph\":[{\"@type\":\"WebPage\",\"@id\":\"https:\/\/www.chateau-amboise.com\/en\/phototheque\/\",\"url\":\"https:\/\/www.chateau-amboise.com\/en\/phototheque\/\",\"name\":\"Photo library &#8211; Ch\u00e2teau d&#039;Amboise\",\"isPartOf\":{\"@id\":\"https:\/\/www.chateau-amboise.com\/en\/#website\"},\"primaryImageOfPage\":{\"@id\":\"https:\/\/www.chateau-amboise.com\/en\/phototheque\/#primaryimage\"},\"image\":{\"@id\":\"https:\/\/www.chateau-amboise.com\/en\/phototheque\/#primaryimage\"},\"thumbnailUrl\":\"https:\/\/www.chateau-amboise.com\/wp-content\/uploads\/2023\/08\/2-1.png\",\"datePublished\":\"2023-08-28T13:13:04+00:00\",\"dateModified\":\"2023-09-12T13:05:30+00:00\",\"description\":\"Expression totale du luxe et de l'art de vivre \u00e0 la fran\u00e7aise, le ch\u00e2teau d'Amboise est aussi un balcon tout \u00e0 fait unique et monumental, ouvert \u00e0 360 degr\u00e9s sur des paysages inscrits au Patrimoine Mondial de l'Humanit\u00e9.\",\"breadcrumb\":{\"@id\":\"https:\/\/www.chateau-amboise.com\/en\/phototheque\/#breadcrumb\"},\"inLanguage\":\"en-US\",\"potentialAction\":[{\"@type\":\"ReadAction\",\"target\":[\"https:\/\/www.chateau-amboise.com\/en\/phototheque\/\"]}]},{\"@type\":\"ImageObject\",\"inLanguage\":\"en-US\",\"@id\":\"https:\/\/www.chateau-amboise.com\/en\/phototheque\/#primaryimage\",\"url\":\"https:\/\/www.chateau-amboise.com\/wp-content\/uploads\/2023\/08\/2-1.png\",\"contentUrl\":\"https:\/\/www.chateau-amboise.com\/wp-content\/uploads\/2023\/08\/2-1.png\",\"width\":2000,\"height\":1414},{\"@type\":\"BreadcrumbList\",\"@id\":\"https:\/\/www.chateau-amboise.com\/en\/phototheque\/#breadcrumb\",\"itemListElement\":[{\"@type\":\"ListItem\",\"position\":1,\"name\":\"Home\",\"item\":\"https:\/\/www.chateau-amboise.com\/en\/\"},{\"@type\":\"ListItem\",\"position\":2,\"name\":\"Photo library\"}]},{\"@type\":\"WebSite\",\"@id\":\"https:\/\/www.chateau-amboise.com\/en\/#website\",\"url\":\"https:\/\/www.chateau-amboise.com\/en\/\",\"name\":\"Ch\u00e2teau d&#039;Amboise\",\"description\":\"Le ch\u00e2teau royal d&#039;Amboise\",\"publisher\":{\"@id\":\"https:\/\/www.chateau-amboise.com\/en\/#organization\"},\"potentialAction\":[{\"@type\":\"SearchAction\",\"target\":{\"@type\":\"EntryPoint\",\"urlTemplate\":\"https:\/\/www.chateau-amboise.com\/en\/?s={search_term_string}\"},\"query-input\":{\"@type\":\"PropertyValueSpecification\",\"valueRequired\":true,\"valueName\":\"search_term_string\"}}],\"inLanguage\":\"en-US\"},{\"@type\":\"Organization\",\"@id\":\"https:\/\/www.chateau-amboise.com\/en\/#organization\",\"name\":\"Ch\u00e2teau d&#039;Amboise\",\"url\":\"https:\/\/www.chateau-amboise.com\/en\/\",\"logo\":{\"@type\":\"ImageObject\",\"inLanguage\":\"en-US\",\"@id\":\"https:\/\/www.chateau-amboise.com\/en\/#\/schema\/logo\/image\/\",\"url\":\"https:\/\/www.chateau-amboise.com\/wp-content\/uploads\/2022\/06\/chateau-amboise-logo.svg\",\"contentUrl\":\"https:\/\/www.chateau-amboise.com\/wp-content\/uploads\/2022\/06\/chateau-amboise-logo.svg\",\"width\":198,\"height\":56,\"caption\":\"Ch\u00e2teau d&#039;Amboise\"},\"image\":{\"@id\":\"https:\/\/www.chateau-amboise.com\/en\/#\/schema\/logo\/image\/\"}}]}<\/script>\n<!-- \/ Yoast SEO plugin. -->","yoast_head_json":{"title":"Photo library &#8211; Ch\u00e2teau d&#039;Amboise","description":"Expression totale du luxe et de l'art de vivre \u00e0 la fran\u00e7aise, le ch\u00e2teau d'Amboise est aussi un balcon tout \u00e0 fait unique et monumental, ouvert \u00e0 360 degr\u00e9s sur des paysages inscrits au Patrimoine Mondial de l'Humanit\u00e9.","robots":{"index":"index","follow":"follow","max-snippet":"max-snippet:-1","max-image-preview":"max-image-preview:large","max-video-preview":"max-video-preview:-1"},"canonical":"https:\/\/www.chateau-amboise.com\/en\/phototheque\/","og_locale":"en_US","og_type":"article","og_title":"Photo library &#8211; Ch\u00e2teau d&#039;Amboise","og_description":"Expression totale du luxe et de l'art de vivre \u00e0 la fran\u00e7aise, le ch\u00e2teau d'Amboise est aussi un balcon tout \u00e0 fait unique et monumental, ouvert \u00e0 360 degr\u00e9s sur des paysages inscrits au Patrimoine Mondial de l'Humanit\u00e9.","og_url":"https:\/\/www.chateau-amboise.com\/en\/phototheque\/","og_site_name":"Ch\u00e2teau d&#039;Amboise","article_modified_time":"2023-09-12T13:05:30+00:00","og_image":[{"width":2000,"height":1414,"url":"https:\/\/www.chateau-amboise.com\/wp-content\/uploads\/2023\/08\/2-1.png","type":"image\/png"}],"twitter_card":"summary_large_image","schema":{"@context":"https:\/\/schema.org","@graph":[{"@type":"WebPage","@id":"https:\/\/www.chateau-amboise.com\/en\/phototheque\/","url":"https:\/\/www.chateau-amboise.com\/en\/phototheque\/","name":"Photo library &#8211; Ch\u00e2teau d&#039;Amboise","isPartOf":{"@id":"https:\/\/www.chateau-amboise.com\/en\/#website"},"primaryImageOfPage":{"@id":"https:\/\/www.chateau-amboise.com\/en\/phototheque\/#primaryimage"},"image":{"@id":"https:\/\/www.chateau-amboise.com\/en\/phototheque\/#primaryimage"},"thumbnailUrl":"https:\/\/www.chateau-amboise.com\/wp-content\/uploads\/2023\/08\/2-1.png","datePublished":"2023-08-28T13:13:04+00:00","dateModified":"2023-09-12T13:05:30+00:00","description":"Expression totale du luxe et de l'art de vivre \u00e0 la fran\u00e7aise, le ch\u00e2teau d'Amboise est aussi un balcon tout \u00e0 fait unique et monumental, ouvert \u00e0 360 degr\u00e9s sur des paysages inscrits au Patrimoine Mondial de l'Humanit\u00e9.","breadcrumb":{"@id":"https:\/\/www.chateau-amboise.com\/en\/phototheque\/#breadcrumb"},"inLanguage":"en-US","potentialAction":[{"@type":"ReadAction","target":["https:\/\/www.chateau-amboise.com\/en\/phototheque\/"]}]},{"@type":"ImageObject","inLanguage":"en-US","@id":"https:\/\/www.chateau-amboise.com\/en\/phototheque\/#primaryimage","url":"https:\/\/www.chateau-amboise.com\/wp-content\/uploads\/2023\/08\/2-1.png","contentUrl":"https:\/\/www.chateau-amboise.com\/wp-content\/uploads\/2023\/08\/2-1.png","width":2000,"height":1414},{"@type":"BreadcrumbList","@id":"https:\/\/www.chateau-amboise.com\/en\/phototheque\/#breadcrumb","itemListElement":[{"@type":"ListItem","position":1,"name":"Home","item":"https:\/\/www.chateau-amboise.com\/en\/"},{"@type":"ListItem","position":2,"name":"Photo library"}]},{"@type":"WebSite","@id":"https:\/\/www.chateau-amboise.com\/en\/#website","url":"https:\/\/www.chateau-amboise.com\/en\/","name":"Ch\u00e2teau d&#039;Amboise","description":"Le ch\u00e2teau royal d&#039;Amboise","publisher":{"@id":"https:\/\/www.chateau-amboise.com\/en\/#organization"},"potentialAction":[{"@type":"SearchAction","target":{"@type":"EntryPoint","urlTemplate":"https:\/\/www.chateau-amboise.com\/en\/?s={search_term_string}"},"query-input":{"@type":"PropertyValueSpecification","valueRequired":true,"valueName":"search_term_string"}}],"inLanguage":"en-US"},{"@type":"Organization","@id":"https:\/\/www.chateau-amboise.com\/en\/#organization","name":"Ch\u00e2teau d&#039;Amboise","url":"https:\/\/www.chateau-amboise.com\/en\/","logo":{"@type":"ImageObject","inLanguage":"en-US","@id":"https:\/\/www.chateau-amboise.com\/en\/#\/schema\/logo\/image\/","url":"https:\/\/www.chateau-amboise.com\/wp-content\/uploads\/2022\/06\/chateau-amboise-logo.svg","contentUrl":"https:\/\/www.chateau-amboise.com\/wp-content\/uploads\/2022\/06\/chateau-amboise-logo.svg","width":198,"height":56,"caption":"Ch\u00e2teau d&#039;Amboise"},"image":{"@id":"https:\/\/www.chateau-amboise.com\/en\/#\/schema\/logo\/image\/"}}]}},"_links":{"self":[{"href":"https:\/\/www.chateau-amboise.com\/en\/wp-json\/wp\/v2\/pages\/3467","targetHints":{"allow":["GET"]}}],"collection":[{"href":"https:\/\/www.chateau-amboise.com\/en\/wp-json\/wp\/v2\/pages"}],"about":[{"href":"https:\/\/www.chateau-amboise.com\/en\/wp-json\/wp\/v2\/types\/page"}],"author":[{"embeddable":true,"href":"https:\/\/www.chateau-amboise.com\/en\/wp-json\/wp\/v2\/users\/3"}],"replies":[{"embeddable":true,"href":"https:\/\/www.chateau-amboise.com\/en\/wp-json\/wp\/v2\/comments?post=3467"}],"version-history":[{"count":2,"href":"https:\/\/www.chateau-amboise.com\/en\/wp-json\/wp\/v2\/pages\/3467\/revisions"}],"predecessor-version":[{"id":3469,"href":"https:\/\/www.chateau-amboise.com\/en\/wp-json\/wp\/v2\/pages\/3467\/revisions\/3469"}],"wp:featuredmedia":[{"embeddable":true,"href":"https:\/\/www.chateau-amboise.com\/en\/wp-json\/wp\/v2\/media\/3412"}],"wp:attachment":[{"href":"https:\/\/www.chateau-amboise.com\/en\/wp-json\/wp\/v2\/media?parent=3467"}],"curies":[{"name":"wp","href":"https:\/\/api.w.org\/{rel}","templated":true}]}}